{"id":23,"date":"2017-07-04T08:58:23","date_gmt":"2017-07-04T08:58:23","guid":{"rendered":"http:\/\/www.abccargo.pt\/?page_id=23"},"modified":"2017-12-06T14:55:12","modified_gmt":"2017-12-06T14:55:12","slug":"empresa","status":"publish","type":"page","link":"https:\/\/www.abccargo.pt\/index.php\/empresa\/","title":{"rendered":"Empresa"},"content":{"rendered":"<p>[vc_row equal_height=&#8221;yes&#8221; content_placement=&#8221;middle&#8221; wrap_type=&#8221;in_container&#8221;][vc_column width=&#8221;1\/2&#8243;][vc_images_carousel images=&#8221;1046,1047,1056&#8243; img_size=&#8221;full&#8221; onclick=&#8221;link_no&#8221; speed=&#8221;2000&#8243; autoplay=&#8221;yes&#8221; hide_pagination_control=&#8221;yes&#8221; wrap=&#8221;yes&#8221;][\/vc_column][vc_column width=&#8221;1\/2&#8243;][vc_column_text]<\/p>\n<p style=\"text-align: justify;\">A\u00a0<strong>ABC CARGO<\/strong> \u00e9 uma empresa transit\u00e1ria que opera a n\u00edvel global nas \u00e1reas do transporte, log\u00edstica e distribui\u00e7\u00e3o, acompanhando a sua carga desde a origem at\u00e9 ao destino.<\/p>\n<p style=\"text-align: justify;\">Somos uma empresa que nasceu com ambi\u00e7\u00e3o e vontade de crescer a n\u00edvel nacional e internacional. Acreditamos que para atingir os nossos objetivos \u00e9 essencial prestar um servi\u00e7o de qualidade superior a fim de ir ao encontro das necessidades de cada cliente.<\/p>\n<p style=\"text-align: justify;\">Na <strong>ABC CARGO<\/strong>, consideramos que a comunica\u00e7\u00e3o \u00e9 de extrema import\u00e2ncia. Acreditamos que ter a possibilidade de dar uma resposta em tempo \u00fatil \u00e9 o melhor caminho para atingir objetivos.<\/p>\n<p style=\"text-align: justify;\">Para n\u00f3s, os clientes, agentes e fornecedores fazem todos parte de uma mesma corrente, que dever\u00e1 ter os seus elos interligados, para que todos, possam beneficiar do servi\u00e7o prestado.<\/p>\n<p style=\"text-align: justify;\">Temos vindo a ganhar confian\u00e7a dos nossos distintos clientes atrav\u00e9s da qualidade do nosso servi\u00e7o. Para tal contamos com uma equipa de profissionais experientes e empenhados, que desenvolvem solu\u00e7\u00f5es log\u00edsticas no transporte internacional e na distribui\u00e7\u00e3o nacional de mercadorias, adaptadas \u00e0s mais diversas necessidades. Cada cliente tem necessidades espec\u00edficas e atrav\u00e9s do profissionalismo, da simpatia e do know-how maximizamos a performance da nossa estrutura organizacional.<\/p>\n<p>[\/vc_column_text][\/vc_column][\/vc_row]<\/p>\n","protected":false},"excerpt":{"rendered":"<p>[vc_row equal_height=&#8221;yes&#8221; content_placement=&#8221;middle&#8221; wrap_type=&#8221;in_container&#8221;][vc_column width=&#8221;1\/2&#8243;][vc_images_carousel images=&#8221;1046,1047,1056&#8243; img_size=&#8221;full&#8221; onclick=&#8221;link_no&#8221; speed=&#8221;2000&#8243; autoplay=&#8221;yes&#8221; hide_pagination_control=&#8221;yes&#8221; wrap=&#8221;yes&#8221;][\/vc_column][vc_column width=&#8221;1\/2&#8243;][vc_column_text] A\u00a0ABC CARGO \u00e9 uma empresa transit\u00e1ria que opera a n\u00edvel global nas \u00e1reas do transporte, log\u00edstica e distribui\u00e7\u00e3o, acompanhando a sua carga desde a origem at\u00e9 ao destino. Somos uma empresa que nasceu com ambi\u00e7\u00e3o e vontade de crescer a n\u00edvel nacional e internacional. Acreditamos que para&#8230;<\/p>\n","protected":false},"author":1,"featured_media":0,"parent":0,"menu_order":0,"comment_status":"closed","ping_status":"closed","template":"page-full-width.php","meta":{"footnotes":""},"class_list":["post-23","page","type-page","status-publish","hentry"],"_links":{"self":[{"href":"https:\/\/www.abccargo.pt\/index.php\/wp-json\/wp\/v2\/pages\/23"}],"collection":[{"href":"https:\/\/www.abccargo.pt\/index.php\/wp-json\/wp\/v2\/pages"}],"about":[{"href":"https:\/\/www.abccargo.pt\/index.php\/wp-json\/wp\/v2\/types\/page"}],"author":[{"embeddable":true,"href":"https:\/\/www.abccargo.pt\/index.php\/wp-json\/wp\/v2\/users\/1"}],"replies":[{"embeddable":true,"href":"https:\/\/www.abccargo.pt\/index.php\/wp-json\/wp\/v2\/comments?post=23"}],"version-history":[{"count":33,"href":"https:\/\/www.abccargo.pt\/index.php\/wp-json\/wp\/v2\/pages\/23\/revisions"}],"predecessor-version":[{"id":1057,"href":"https:\/\/www.abccargo.pt\/index.php\/wp-json\/wp\/v2\/pages\/23\/revisions\/1057"}],"wp:attachment":[{"href":"https:\/\/www.abccargo.pt\/index.php\/wp-json\/wp\/v2\/media?parent=23"}],"curies":[{"name":"wp","href":"https:\/\/api.w.org\/{rel}","templated":true}]}}