{"id":15,"date":"2017-07-04T08:36:28","date_gmt":"2017-07-04T08:36:28","guid":{"rendered":"http:\/\/www.abccargo.pt\/?page_id=15"},"modified":"2018-01-04T13:04:17","modified_gmt":"2018-01-04T13:04:17","slug":"home","status":"publish","type":"page","link":"https:\/\/www.abccargo.pt\/","title":{"rendered":"Home"},"content":{"rendered":"<p>[vc_row][vc_column][rev_slider_vc alias=&#8221;home&#8221;][\/vc_column][\/vc_row][vc_row equal_height=&#8221;yes&#8221; content_placement=&#8221;middle&#8221; css=&#8221;.vc_custom_1499157695317{margin-top: 32px !important;margin-bottom: 32px !important;padding-top: 15px !important;padding-bottom: 15px !important;background-image: url(http:\/\/www.abccargo.pt\/wp-content\/uploads\/2017\/07\/01_index.jpg?id=11) !important;background-position: center !important;background-repeat: no-repeat !important;background-size: cover !important;}&#8221;][vc_column width=&#8221;1\/2&#8243;][vc_row_inner equal_height=&#8221;yes&#8221; content_placement=&#8221;middle&#8221; gap=&#8221;10&#8243; css=&#8221;.vc_custom_1513162720320{margin-left: 32px !important;}&#8221; el_id=&#8221;homeAbout&#8221;][vc_column_inner css=&#8221;.vc_custom_1499268906084{padding-left: 25px !important;}&#8221;][vc_custom_heading text=&#8221;Procura servi\u00e7os transit\u00e1rios?&#8221; font_container=&#8221;tag:h2|text_align:left|color:%23003f80&#8243; use_theme_fonts=&#8221;yes&#8221;][vc_column_text]<\/p>\n<p style=\"text-align: justify;\">Temos a solu\u00e7\u00e3o perfeita para si!\u00a0 A <strong>ABC CARGO<\/strong> \u00e9 uma empresa transit\u00e1ria que opera a n\u00edvel global nas \u00e1reas do transporte, log\u00edstica e distribui\u00e7\u00e3o, acompanhando a sua carga desde a origem at\u00e9 ao destino. Com um servi\u00e7o de qualidade superior para ir ao encontro das necessidades e expetativas de cada cliente.<\/p>\n<p>[\/vc_column_text][\/vc_column_inner][\/vc_row_inner][vc_row_inner equal_height=&#8221;yes&#8221; gap=&#8221;10&#8243; css=&#8221;.vc_custom_1513166356406{margin-left: 32px !important;padding-top: 10px !important;}&#8221; el_id=&#8221;budgetColumn&#8221;][vc_column_inner width=&#8221;1\/2&#8243; css=&#8221;.vc_custom_1499268906084{padding-left: 25px !important;}&#8221;][vc_icon icon_fontawesome=&#8221;fa fa-phone&#8221; color=&#8221;custom&#8221; size=&#8221;sm&#8221; custom_color=&#8221;#003f80&#8243; el_class=&#8221;pull-left&#8221; css=&#8221;.vc_custom_1499269551511{margin-top: -10px !important;margin-bottom: 0px !important;}&#8221;][vc_column_text css=&#8221;.vc_custom_1506090713369{padding-top: 10px !important;}&#8221;]<a href=\"tel:236-942-591\"><strong>(+351) 236 942 591<\/strong><\/a>[\/vc_column_text][vc_icon icon_fontawesome=&#8221;fa fa-envelope&#8221; color=&#8221;custom&#8221; size=&#8221;sm&#8221; custom_color=&#8221;#003f80&#8243; el_class=&#8221;pull-left&#8221; css=&#8221;.vc_custom_1499269177324{margin-top: -10px !important;}&#8221;][vc_column_text css=&#8221;.vc_custom_1506090920675{padding-top: 10px !important;}&#8221;]<a href=\"mailto: info@abccargo.pt\"><strong>info@abccargo.pt<\/strong><\/a>[\/vc_column_text][\/vc_column_inner][vc_column_inner el_class=&#8221;orcamento&#8221; width=&#8221;1\/2&#8243;][vc_raw_html]JTNDYSUyMGhyZWYlM0QlMjJodHRwJTNBJTJGJTJGd3d3LmFiY2NhcmdvLnB0JTJGaW5kZXgucGhwJTJGb3JjYW1lbnRvcyUyRiUyMiUyMGlkJTNEJTIyaW1nQnVkZ2V0JTIyJTIwJTNFJTBBJTNDZGl2JTIwY2xhc3MlM0QlMjJib3glMjIlMjBpZCUzRCUyMmltZ0J1ZGdldCUyMiUzRSUwQSUzQ2ltZyUyMHNyYyUzRCUyMmh0dHAlM0ElMkYlMkZ3d3cuYWJjY2FyZ28ucHQlMkZ3cC1jb250ZW50JTJGdXBsb2FkcyUyRjIwMTclMkYxMiUyRmZpbGVfYnVkZ2V0LnBuZyUyMiUwQSUyMGRhdGEtaG92ZXIlM0QlMjJodHRwJTNBJTJGJTJGd3d3LmFiY2NhcmdvLnB0JTJGd3AtY29udGVudCUyRnVwbG9hZHMlMkYyMDE3JTJGMTIlMkZmaWxlX2J1ZGdldF93aGl0ZS0xLnBuZyUyMiUwQWRhdGEtb3V0JTNEJTIyaHR0cCUzQSUyRiUyRnd3dy5hYmNjYXJnby5wdCUyRndwLWNvbnRlbnQlMkZ1cGxvYWRzJTJGMjAxNyUyRjEyJTJGZmlsZV9idWRnZXQucG5nJTIyJTJGJTNFJTBBJTNDaDMlM0VQZWRpciUyME9yJUMzJUE3YW1lbnRvJTNDJTJGaDMlM0UlMEElM0MlMkZkaXYlM0UlMEElM0MlMkZhJTNF[\/vc_raw_html][vc_raw_js]JTNDc2NyaXB0JTIwdHlwZSUzRCUyMnRleHQlMkZqYXZhc2NyaXB0JTIyJTNFJTIwJTBBalF1ZXJ5JTI4ZG9jdW1lbnQlMjkucmVhZHklMjhmdW5jdGlvbiUyOCUyMCUyNCUyMCUyOSUyMCU3QiUwQSUwOSUwQSUyNCUyOCUyN2RpdiUyM2ltZ0J1ZGdldCUyNyUyOS5vbiUyOCUyN21vdXNlb3ZlciUyNyUyQyUyMCUwQWZ1bmN0aW9uJTI4JTI5JTdCJTBBJTIwJTIwJTIwJTIwdmFyJTIwaW1nJTIwJTNEJTIwJTI0JTI4dGhpcyUyOS5jaGlsZHJlbiUyOCUyN2ltZyUyNyUyOSUzQiUwQSUyMCUyMCUyMCUyMGltZy5hdHRyJTI4JTI3c3JjJTI3JTJDJTIwaW1nLmRhdGElMjglMjdob3ZlciUyNyUyOSUyOSUzQiUwQSUyNCUyOHRoaXMlMjkuZmluZCUyOCUyN2gzJTI3JTI5LmNzcyUyOCU3QiUyMmNvbG9yJTIyJTNBJTIwJTIyJTIzZmZmJTIyJTdEJTI5JTNCJTBBJTdEJTI5JTNCJTBBJTBBJTI0JTI4JTI3ZGl2JTIzaW1nQnVkZ2V0JTI3JTI5Lm9uJTI4JTI3bW91c2VvdXQlMjclMkMlMjBmdW5jdGlvbiUyOCUyOSU3QiUwQSUyMCUyMCUyMCUyMHZhciUyMGltZyUyMCUzRCUyMCUyNCUyOHRoaXMlMjkuY2hpbGRyZW4lMjglMjdpbWclMjclMjklM0IlMEElMjAlMjAlMjAlMjBpbWcuYXR0ciUyOCUyN3NyYyUyNyUyQyUyMGltZy5kYXRhJTI4JTI3b3V0JTI3JTI5JTI5JTNCJTBBJTI0JTI4dGhpcyUyOS5maW5kJTI4JTI3aDMlMjclMjkuY3NzJTI4JTdCJTIyY29sb3IlMjIlM0ElMjAlMjIlMjMzMzMlMjIlN0QlMjklM0IlMEElN0QlMjklM0IlMEElMEElMjAlN0QlMjklM0IlMEElM0MlMkZzY3JpcHQlM0U=[\/vc_raw_js][\/vc_column_inner][\/vc_row_inner][\/vc_column][vc_column width=&#8221;1\/2&#8243;][vc_row_inner equal_height=&#8221;yes&#8221; css=&#8221;.vc_custom_1499157941424{margin-right: 32px !important;margin-left: 32px !important;}&#8221;][vc_column_inner width=&#8221;1\/2&#8243;][vc_raw_html]JTNDYSUyMGhyZWYlM0QlMjJodHRwJTNBJTJGJTJGd3d3LmFiY2NhcmdvLnB0JTJGaW5kZXgucGhwJTJGdHJhbnNwb3J0ZS1yb2RvdmlhcmlvJTJGJTIyJTIwaWQlM0QlMjJpbWdUcmFuc3BvcnRlJTIyJTIwJTNFJTBBJTNDZGl2JTIwY2xhc3MlM0QlMjJib3glMjIlMjBpZCUzRCUyMmltZ1RyYW5zcG9ydGUlMjIlM0UlMEElM0NpbWclMjBzcmMlM0QlMjJodHRwJTNBJTJGJTJGd3d3LmFiY2NhcmdvLnB0JTJGd3AtY29udGVudCUyRnVwbG9hZHMlMkYyMDE3JTJGMDclMkZJbnRlcnN0YXRlVHJ1Y2sucG5nJTIyJTBBJTIwZGF0YS1ob3ZlciUzRCUyMmh0dHAlM0ElMkYlMkZ3d3cuYWJjY2FyZ28ucHQlMkZ3cC1jb250ZW50JTJGdXBsb2FkcyUyRjIwMTclMkYwOSUyRlNlbWlUcnVja193aGl0ZS5wbmclMjIlMEFkYXRhLW91dCUzRCUyMmh0dHAlM0ElMkYlMkZ3d3cuYWJjY2FyZ28ucHQlMkZ3cC1jb250ZW50JTJGdXBsb2FkcyUyRjIwMTclMkYwNyUyRkludGVyc3RhdGVUcnVjay5wbmclMjIlMkYlM0UlMEElM0NoMyUzRVJvZG92aSVDMyVBMXJpbyUzQyUyRmgzJTNFJTBBJTNDJTJGZGl2JTNFJTBBJTNDJTJGYSUzRQ==[\/vc_raw_html][vc_raw_html]JTNDYSUyMGhyZWYlM0QlMjJodHRwJTNBJTJGJTJGd3d3LmFiY2NhcmdvLnB0JTJGaW5kZXgucGhwJTJGdHJhbnNwb3J0ZS1hZXJlbyUyRiUyMiUyMCUzRSUwQSUzQ2RpdiUyMGNsYXNzJTNEJTIyYm94JTIyJTIwaWQlM0QlMjJpbWdBdmlhbyUyMiUzRSUwQSUzQ2ltZyUyMHNyYyUzRCUyMmh0dHAlM0ElMkYlMkZ3d3cuYWJjY2FyZ28ucHQlMkZ3cC1jb250ZW50JTJGdXBsb2FkcyUyRjIwMTclMkYwNyUyRkFpcnBvcnQucG5nJTIyJTBBJTIwZGF0YS1ob3ZlciUzRCUyMmh0dHAlM0ElMkYlMkZ3d3cuYWJjY2FyZ28ucHQlMkZ3cC1jb250ZW50JTJGdXBsb2FkcyUyRjIwMTclMkYwOSUyRmFpcnBsYW5lX3doaXRlLnBuZyUyMiUwQWRhdGEtb3V0JTNEJTIyaHR0cCUzQSUyRiUyRnd3dy5hYmNjYXJnby5wdCUyRndwLWNvbnRlbnQlMkZ1cGxvYWRzJTJGMjAxNyUyRjA3JTJGQWlycG9ydC5wbmclMjIlMkYlM0UlMEElM0NoMyUzRUElQzMlQTlyZW8lM0MlMkZoMyUzRSUwQSUzQyUyRmRpdiUzRSUwQSUzQyUyRmElM0U=[\/vc_raw_html][\/vc_column_inner][vc_column_inner width=&#8221;1\/2&#8243;][vc_raw_html]JTNDYSUyMGhyZWYlM0QlMjJodHRwJTNBJTJGJTJGd3d3LmFiY2NhcmdvLnB0JTJGaW5kZXgucGhwJTJGdHJhbnNwb3J0ZS1tYXJpdGltbyUyRiUyMiUzRSUwQSUzQ2RpdiUyMGNsYXNzJTNEJTIyYm94JTIyJTIwaWQlM0QlMjJpbWdNYXJpdGltbyUyMiUyMCUzRSUwQSUzQ2ltZyUyMHNyYyUzRCUyMmh0dHAlM0ElMkYlMkZ3d3cuYWJjY2FyZ28ucHQlMkZ3cC1jb250ZW50JTJGdXBsb2FkcyUyRjIwMTclMkYwNyUyRldhdGVyVHJhbnNwb3J0YXRpb24ucG5nJTIyJTIwJTIwZGF0YS1ob3ZlciUzRCUyMmh0dHAlM0ElMkYlMkZ3d3cuYWJjY2FyZ28ucHQlMkZ3cC1jb250ZW50JTJGdXBsb2FkcyUyRjIwMTclMkYwOSUyRldhdGVyVHJhbnNwb3J0YXRpb25fd2hpdGUucG5nJTIyJTBBZGF0YS1vdXQlM0QlMjJodHRwJTNBJTJGJTJGd3d3LmFiY2NhcmdvLnB0JTJGd3AtY29udGVudCUyRnVwbG9hZHMlMkYyMDE3JTJGMDclMkZXYXRlclRyYW5zcG9ydGF0aW9uLnBuZyUyMiUwQSUyRiUzRSUwQSUzQ2gzJTNFTWFyJUMzJUFEdGltbyUzQyUyRmgzJTNFJTBBJTNDJTJGZGl2JTNF[\/vc_raw_html][vc_raw_html]JTNDYSUyMGhyZWYlM0QlMjJodHRwJTNBJTJGJTJGd3d3LmFiY2NhcmdvLnB0JTJGaW5kZXgucGhwJTJGbG9naXN0aWNhJTJGJTIyJTNFJTBBJTNDZGl2JTIwY2xhc3MlM0QlMjJib3glMjIlMjBpZCUzRCUyMmltZ0dsb2JvJTIyJTNFJTBBJTNDaW1nJTIwc3JjJTNEJTIyaHR0cCUzQSUyRiUyRnd3dy5hYmNjYXJnby5wdCUyRndwLWNvbnRlbnQlMkZ1cGxvYWRzJTJGMjAxNyUyRjA3JTJGR2xvYmUucG5nJTIyJTIwZGF0YS1ob3ZlciUzRCUyMmh0dHAlM0ElMkYlMkZ3d3cuYWJjY2FyZ28ucHQlMkZ3cC1jb250ZW50JTJGdXBsb2FkcyUyRjIwMTclMkYwOSUyRkdsb2JlX3doaXRlLnBuZyUyMiUyMGRhdGEtb3V0JTNEJTIyaHR0cCUzQSUyRiUyRnd3dy5hYmNjYXJnby5wdCUyRndwLWNvbnRlbnQlMkZ1cGxvYWRzJTJGMjAxNyUyRjA3JTJGR2xvYmUucG5nJTIyJTJGJTNFJTBBJTNDaDMlM0VMb2clQzMlQURzdGljYSUzQyUyRmgzJTNFJTBBJTNDJTJGZGl2JTNFJTBBJTNDJTJGYSUzRQ==[\/vc_raw_html][\/vc_column_inner][\/vc_row_inner][vc_raw_js]JTNDc2NyaXB0JTIwdHlwZSUzRCUyMnRleHQlMkZqYXZhc2NyaXB0JTIyJTNFJTIwJTBBalF1ZXJ5JTI4ZG9jdW1lbnQlMjkucmVhZHklMjhmdW5jdGlvbiUyOCUyMCUyNCUyMCUyOSUyMCU3QiUwQSUwOSUwQSUyNCUyOCUyN2RpdiUyM2ltZ0F2aWFvJTI3JTI5Lm9uJTI4JTI3bW91c2VvdmVyJTI3JTJDJTIwJTBBZnVuY3Rpb24lMjglMjklN0IlMEElMjAlMjAlMjAlMjB2YXIlMjBpbWclMjAlM0QlMjAlMjQlMjh0aGlzJTI5LmNoaWxkcmVuJTI4JTI3aW1nJTI3JTI5JTNCJTBBJTIwJTIwJTIwJTIwaW1nLmF0dHIlMjglMjdzcmMlMjclMkMlMjBpbWcuZGF0YSUyOCUyN2hvdmVyJTI3JTI5JTI5JTNCJTBBJTI0JTI4dGhpcyUyOS5maW5kJTI4JTI3aDMlMjclMjkuY3NzJTI4JTdCJTIyY29sb3IlMjIlM0ElMjAlMjIlMjNmZmYlMjIlN0QlMjklM0IlMEElN0QlMjklM0IlMEElMEElMjQlMjglMjdkaXYlMjNpbWdBdmlhbyUyNyUyOS5vbiUyOCUyN21vdXNlb3V0JTI3JTJDJTIwZnVuY3Rpb24lMjglMjklN0IlMEElMjAlMjAlMjAlMjB2YXIlMjBpbWclMjAlM0QlMjAlMjQlMjh0aGlzJTI5LmNoaWxkcmVuJTI4JTI3aW1nJTI3JTI5JTNCJTBBJTIwJTIwJTIwJTIwaW1nLmF0dHIlMjglMjdzcmMlMjclMkMlMjBpbWcuZGF0YSUyOCUyN291dCUyNyUyOSUyOSUzQiUwQSUyNCUyOHRoaXMlMjkuZmluZCUyOCUyN2gzJTI3JTI5LmNzcyUyOCU3QiUyMmNvbG9yJTIyJTNBJTIwJTIyJTIzMzMzJTIyJTdEJTI5JTNCJTBBJTdEJTI5JTNCJTBBJTBBJTIwJTdEJTI5JTNCJTBBJTNDJTJGc2NyaXB0JTNF[\/vc_raw_js][vc_raw_js]JTNDc2NyaXB0JTIwdHlwZSUzRCUyMnRleHQlMkZqYXZhc2NyaXB0JTIyJTNFJTIwJTBBalF1ZXJ5JTI4ZG9jdW1lbnQlMjkucmVhZHklMjhmdW5jdGlvbiUyOCUyMCUyNCUyMCUyOSUyMCU3QiUwQSUwOSUwQSUyNCUyOCUyN2RpdiUyM2ltZ1RyYW5zcG9ydGUlMjclMjkub24lMjglMjdtb3VzZW92ZXIlMjclMkMlMjBmdW5jdGlvbiUyOCUyOSU3QiUwQSUyMCUyMCUyMCUyMHZhciUyMGltZyUyMCUzRCUyMCUyNCUyOHRoaXMlMjkuY2hpbGRyZW4lMjglMjdpbWclMjclMjklM0IlMEElMjAlMjAlMjAlMjBpbWcuYXR0ciUyOCUyN3NyYyUyNyUyQyUyMGltZy5kYXRhJTI4JTI3aG92ZXIlMjclMjklMjklM0IlMEElMjQlMjh0aGlzJTI5LmZpbmQlMjglMjdoMyUyNyUyOS5jc3MlMjglN0IlMjJjb2xvciUyMiUzQSUyMCUyMiUyM2ZmZiUyMiU3RCUyOSUzQiUwQSU3RCUyOSUzQiUwQSUyNCUyOCUyN2RpdiUyM2ltZ1RyYW5zcG9ydGUlMjclMjkub24lMjglMjdtb3VzZW91dCUyNyUyQyUyMGZ1bmN0aW9uJTI4JTI5JTdCJTBBJTIwJTIwJTIwJTIwdmFyJTIwaW1nJTIwJTNEJTIwJTI0JTI4dGhpcyUyOS5jaGlsZHJlbiUyOCUyN2ltZyUyNyUyOSUzQiUwQSUyMCUyMCUyMCUyMGltZy5hdHRyJTI4JTI3c3JjJTI3JTJDJTIwaW1nLmRhdGElMjglMjdvdXQlMjclMjklMjklM0IlMEElMjQlMjh0aGlzJTI5LmZpbmQlMjglMjdoMyUyNyUyOS5jc3MlMjglN0IlMjJjb2xvciUyMiUzQSUyMCUyMiUyMzMzMyUyMiU3RCUyOSUzQiUwQSU3RCUyOSUzQiUwQSUyMCU3RCUyOSUzQiUwQSUzQyUyRnNjcmlwdCUzRQ==[\/vc_raw_js][vc_raw_js]JTNDc2NyaXB0JTIwdHlwZSUzRCUyMnRleHQlMkZqYXZhc2NyaXB0JTIyJTNFJTIwJTBBalF1ZXJ5JTI4ZG9jdW1lbnQlMjkucmVhZHklMjhmdW5jdGlvbiUyOCUyMCUyNCUyMCUyOSUyMCU3QiUwQSUwOSUwQSUyNCUyOCUyN2RpdiUyM2ltZ01hcml0aW1vJTI3JTI5Lm9uJTI4JTI3bW91c2VvdmVyJTI3JTJDJTIwZnVuY3Rpb24lMjglMjklN0IlMEElMjAlMjAlMjAlMjB2YXIlMjBpbWclMjAlM0QlMjAlMjQlMjh0aGlzJTI5LmNoaWxkcmVuJTI4JTI3aW1nJTI3JTI5JTNCJTBBJTIwJTIwJTIwJTIwaW1nLmF0dHIlMjglMjdzcmMlMjclMkMlMjBpbWcuZGF0YSUyOCUyN2hvdmVyJTI3JTI5JTI5JTNCJTBBJTI0JTI4dGhpcyUyOS5maW5kJTI4JTI3aDMlMjclMjkuY3NzJTI4JTdCJTIyY29sb3IlMjIlM0ElMjAlMjIlMjNmZmYlMjIlN0QlMjklM0IlMEElN0QlMjklM0IlMEElMjQlMjglMjdkaXYlMjNpbWdNYXJpdGltbyUyNyUyOS5vbiUyOCUyN21vdXNlb3V0JTI3JTJDJTIwZnVuY3Rpb24lMjglMjklN0IlMEElMjAlMjAlMjAlMjB2YXIlMjBpbWclMjAlM0QlMjAlMjQlMjh0aGlzJTI5LmNoaWxkcmVuJTI4JTI3aW1nJTI3JTI5JTNCJTBBJTIwJTIwJTIwJTIwaW1nLmF0dHIlMjglMjdzcmMlMjclMkMlMjBpbWcuZGF0YSUyOCUyN291dCUyNyUyOSUyOSUzQiUwQSUyNCUyOHRoaXMlMjkuZmluZCUyOCUyN2gzJTI3JTI5LmNzcyUyOCU3QiUyMmNvbG9yJTIyJTNBJTIwJTIyJTIzMzMzJTIyJTdEJTI5JTNCJTBBJTdEJTI5JTNCJTBBJTIwJTdEJTI5JTNCJTBBJTNDJTJGc2NyaXB0JTNF[\/vc_raw_js][vc_raw_js]JTNDc2NyaXB0JTIwdHlwZSUzRCUyMnRleHQlMkZqYXZhc2NyaXB0JTIyJTNFJTIwJTBBalF1ZXJ5JTI4ZG9jdW1lbnQlMjkucmVhZHklMjhmdW5jdGlvbiUyOCUyMCUyNCUyMCUyOSUyMCU3QiUwQSUwOSUwQSUyNCUyOCUyN2RpdiUyM2ltZ0dsb2JvJTI3JTI5Lm9uJTI4JTI3bW91c2VvdmVyJTI3JTJDJTIwZnVuY3Rpb24lMjglMjklN0IlMEElMjAlMjAlMjAlMjB2YXIlMjBpbWclMjAlM0QlMjAlMjQlMjh0aGlzJTI5LmNoaWxkcmVuJTI4JTI3aW1nJTI3JTI5JTNCJTBBJTIwJTIwJTIwJTIwaW1nLmF0dHIlMjglMjdzcmMlMjclMkMlMjBpbWcuZGF0YSUyOCUyN2hvdmVyJTI3JTI5JTI5JTNCJTBBJTI0JTI4dGhpcyUyOS5maW5kJTI4JTI3aDMlMjclMjkuY3NzJTI4JTdCJTIyY29sb3IlMjIlM0ElMjAlMjIlMjNmZmYlMjIlN0QlMjklM0IlMEElN0QlMjklM0IlMEElMjQlMjglMjdkaXYlMjNpbWdHbG9ibyUyNyUyOS5vbiUyOCUyN21vdXNlb3V0JTI3JTJDJTIwZnVuY3Rpb24lMjglMjklN0IlMEElMjAlMjAlMjAlMjB2YXIlMjBpbWclMjAlM0QlMjAlMjQlMjh0aGlzJTI5LmNoaWxkcmVuJTI4JTI3aW1nJTI3JTI5JTNCJTBBJTIwJTIwJTIwJTIwaW1nLmF0dHIlMjglMjdzcmMlMjclMkMlMjBpbWcuZGF0YSUyOCUyN291dCUyNyUyOSUyOSUzQiUwQSUyNCUyOHRoaXMlMjkuZmluZCUyOCUyN2gzJTI3JTI5LmNzcyUyOCU3QiUyMmNvbG9yJTIyJTNBJTIwJTIyJTIzMzMzJTIyJTdEJTI5JTNCJTBBJTdEJTI5JTNCJTBBJTIwJTdEJTI5JTNCJTBBJTNDJTJGc2NyaXB0JTNF[\/vc_raw_js][\/vc_column][\/vc_row][vc_row equal_height=&#8221;yes&#8221; content_placement=&#8221;middle&#8221; css=&#8221;.vc_custom_1508326494476{background-image: url(http:\/\/www.abccargo.pt\/wp-content\/uploads\/2017\/10\/roadtransporte.jpg?id=869) !important;background-position: center !important;background-repeat: no-repeat !important;background-size: cover !important;}&#8221;][vc_column width=&#8221;1\/2&#8243; css=&#8221;.vc_custom_1508326536035{background-color: rgba(0,0,0,0.80) !important;*background-color: rgb(0,0,0) !important;}&#8221;][vc_custom_heading text=&#8221;Servi\u00e7os Complementares&#8221; font_container=&#8221;tag:h2|text_align:center|color:%23ffffff&#8221; use_theme_fonts=&#8221;yes&#8221;][vc_custom_heading text=&#8221;Na ABC Cargo pode contar com um conjunto de servi\u00e7os complementares ao transporte de mercadorias&#8221; font_container=&#8221;tag:h5|text_align:center|color:%23ffffff&#8221; use_theme_fonts=&#8221;yes&#8221; css=&#8221;.vc_custom_1508327054644{padding-right: 15px !important;padding-left: 15px !important;}&#8221;][vc_empty_space][vc_row_inner equal_height=&#8221;yes&#8221; gap=&#8221;2&#8243; css=&#8221;.vc_custom_1508326240803{margin-top: 32px !important;margin-bottom: 32px !important;margin-left: 32px !important;padding-top: 15px !important;padding-right: 15px !important;padding-bottom: 15px !important;padding-left: 15px !important;}&#8221;][vc_column_inner width=&#8221;1\/3&#8243;][dh_animation css=&#8221;.vc_custom_1508324825745{padding-bottom: 15px !important;}&#8221;][vc_single_image image=&#8221;97&#8243; img_size=&#8221;56&#215;56&#8243; alignment=&#8221;center&#8221; style=&#8221;vc_box_outline_circle_2&#8243; border_color=&#8221;blue&#8221; css=&#8221;.vc_custom_1508323725857{margin-bottom: 32px !important;padding-top: -10px !important;}&#8221;][vc_custom_heading text=&#8221;Consolida\u00e7\u00e3o \/ Desconsolida\u00e7\u00e3o&#8221; font_container=&#8221;tag:h5|text_align:center|color:%23ffffff&#8221; use_theme_fonts=&#8221;yes&#8221;][\/dh_animation][dh_animation css=&#8221;.vc_custom_1508345811120{padding-top: 5px !important;padding-bottom: 15px !important;}&#8221;][vc_single_image image=&#8221;71&#8243; img_size=&#8221;56&#215;56&#8243; alignment=&#8221;center&#8221; style=&#8221;vc_box_outline_circle_2&#8243; border_color=&#8221;blue&#8221;][vc_custom_heading text=&#8221;Paletiza\u00e7\u00e3o&#8221; font_container=&#8221;tag:h5|text_align:center|color:%23ffffff&#8221; use_theme_fonts=&#8221;yes&#8221;][\/dh_animation][\/vc_column_inner][vc_column_inner width=&#8221;1\/3&#8243;][dh_animation css=&#8221;.vc_custom_1508345656288{padding-bottom: 15px !important;}&#8221;][vc_single_image image=&#8221;73&#8243; img_size=&#8221;56&#215;56&#8243; alignment=&#8221;center&#8221; style=&#8221;vc_box_outline_circle_2&#8243; border_color=&#8221;blue&#8221;][vc_custom_heading text=&#8221;Armazenagem&#8221; font_container=&#8221;tag:h5|text_align:center|color:%23ffffff&#8221; use_theme_fonts=&#8221;yes&#8221;][\/dh_animation][dh_animation css=&#8221;.vc_custom_1508324340536{padding-top: 15px !important;padding-bottom: 15px !important;}&#8221;][vc_single_image image=&#8221;75&#8243; img_size=&#8221;56&#215;56&#8243; alignment=&#8221;center&#8221; style=&#8221;vc_box_outline_circle_2&#8243; border_color=&#8221;blue&#8221;][vc_custom_heading text=&#8221;Distribui\u00e7\u00e3o&#8221; font_container=&#8221;tag:h5|text_align:center|color:%23ffffff&#8221; use_theme_fonts=&#8221;yes&#8221;][\/dh_animation][\/vc_column_inner][vc_column_inner width=&#8221;1\/3&#8243;][dh_animation css=&#8221;.vc_custom_1508345311879{padding-bottom: 15px !important;}&#8221;][vc_single_image image=&#8221;72&#8243; img_size=&#8221;56&#215;56&#8243; alignment=&#8221;center&#8221; style=&#8221;vc_box_outline_circle_2&#8243; border_color=&#8221;blue&#8221;][vc_custom_heading text=&#8221;Servi\u00e7os Aduaneiros&#8221; font_container=&#8221;tag:h5|text_align:center|color:%23ffffff&#8221; use_theme_fonts=&#8221;yes&#8221;][\/dh_animation][dh_animation css=&#8221;.vc_custom_1508345349770{padding-top: 15px !important;padding-bottom: 15px !important;}&#8221;][vc_single_image image=&#8221;74&#8243; img_size=&#8221;56&#215;56&#8243; alignment=&#8221;center&#8221; style=&#8221;vc_box_outline_circle_2&#8243; border_color=&#8221;blue&#8221;][vc_custom_heading text=&#8221;Seguros de Transporte&#8221; font_container=&#8221;tag:h5|text_align:center|color:%23ffffff&#8221; use_theme_fonts=&#8221;yes&#8221;][\/dh_animation][\/vc_column_inner][\/vc_row_inner][\/vc_column][vc_column width=&#8221;1\/2&#8243;][\/vc_column][\/vc_row][vc_row equal_height=&#8221;yes&#8221; content_placement=&#8221;middle&#8221;][vc_column width=&#8221;1\/2&#8243; css=&#8221;.vc_custom_1499354543799{background-image: url(http:\/\/www.abccargo.pt\/wp-content\/uploads\/2017\/07\/maps.jpg?id=200) !important;}&#8221;][vc_single_image image=&#8221;199&#8243; img_size=&#8221;full&#8221; alignment=&#8221;center&#8221;][\/vc_column][vc_column width=&#8221;1\/2&#8243; css=&#8221;.vc_custom_1499158299920{margin-right: 35px !important;margin-left: 32px !important;padding-right: 15px !important;padding-left: 15px !important;}&#8221;][vc_custom_heading text=&#8221;Siga a sua encomenda&#8221; font_container=&#8221;tag:h2|text_align:center|color:%231e120d&#8221; use_theme_fonts=&#8221;yes&#8221; css=&#8221;.vc_custom_1499182115825{margin-right: 32px !important;margin-left: 32px !important;padding-right: 15px !important;padding-bottom: 15px !important;padding-left: 15px !important;}&#8221;][vc_custom_heading text=&#8221;Agora j\u00e1 pode seguir a sua encomenda basta fazer o registo e inserir o c\u00f3digo de rastreamento&#8221; font_container=&#8221;tag:p|text_align:center&#8221; use_theme_fonts=&#8221;yes&#8221; css=&#8221;.vc_custom_1499182139566{padding-bottom: 15px !important;}&#8221;][vc_btn title=&#8221;Seguir Encomenda&#8221; style=&#8221;custom&#8221; custom_background=&#8221;#003f80&#8243; custom_text=&#8221;#ffffff&#8221; align=&#8221;center&#8221; i_icon_fontawesome=&#8221;fa fa-barcode&#8221; link=&#8221;url:%23|||&#8221; add_icon=&#8221;true&#8221;][\/vc_column][\/vc_row][vc_row equal_height=&#8221;yes&#8221; css=&#8221;.vc_custom_1499251249597{background-image: url(http:\/\/www.abccargo.pt\/wp-content\/uploads\/2017\/07\/contactUs.jpg?id=112) !important;background-position: center !important;background-repeat: no-repeat !important;background-size: cover !important;}&#8221;][vc_column width=&#8221;1\/2&#8243; css=&#8221;.vc_custom_1499248500727{margin-top: 35px !important;background-image: url(http:\/\/www.abccargo.pt\/wp-content\/uploads\/2017\/07\/delivery_men.png?id=113) !important;background-position: center !important;background-repeat: no-repeat !important;background-size: contain !important;}&#8221;][vc_row_inner equal_height=&#8221;yes&#8221; content_placement=&#8221;middle&#8221; css=&#8221;.vc_custom_1499187561680{margin-right: 32px !important;margin-left: 35px !important;padding-top: 15px !important;padding-right: 15px !important;padding-bottom: 15px !important;padding-left: 15px !important;}&#8221;][vc_column_inner][vc_custom_heading text=&#8221;Entre em contacto connosco&#8221; font_container=&#8221;tag:h2|text_align:center|color:%23ffffff&#8221; use_theme_fonts=&#8221;yes&#8221;][vc_custom_heading text=&#8221;*campos obrigat\u00f3rios&#8221; font_container=&#8221;tag:p|text_align:center|color:%23ffffff&#8221; use_theme_fonts=&#8221;yes&#8221;]\n<div class=\"wpcf7 no-js\" id=\"wpcf7-f119-o1\" lang=\"pt-PT\" dir=\"ltr\">\n<div class=\"screen-reader-response\"><p role=\"status\" aria-live=\"polite\" aria-atomic=\"true\"><\/p> <ul><\/ul><\/div>\n<form action=\"\/index.php\/wp-json\/wp\/v2\/pages\/15#wpcf7-f119-o1\" method=\"post\" class=\"wpcf7-form init\" aria-label=\"Contact form\" novalidate=\"novalidate\" data-status=\"init\">\n<div style=\"display: none;\">\n<input type=\"hidden\" name=\"_wpcf7\" value=\"119\" \/>\n<input type=\"hidden\" name=\"_wpcf7_version\" value=\"5.9.8\" \/>\n<input type=\"hidden\" name=\"_wpcf7_locale\" value=\"pt_PT\" \/>\n<input type=\"hidden\" name=\"_wpcf7_unit_tag\" value=\"wpcf7-f119-o1\" \/>\n<input type=\"hidden\" name=\"_wpcf7_container_post\" value=\"0\" \/>\n<input type=\"hidden\" name=\"_wpcf7_posted_data_hash\" value=\"\" \/>\n<input type=\"hidden\" name=\"_wpcf7cf_hidden_group_fields\" value=\"[]\" \/>\n<input type=\"hidden\" name=\"_wpcf7cf_hidden_groups\" value=\"[]\" \/>\n<input type=\"hidden\" name=\"_wpcf7cf_visible_groups\" value=\"[]\" \/>\n<input type=\"hidden\" name=\"_wpcf7cf_repeaters\" value=\"[]\" \/>\n<input type=\"hidden\" name=\"_wpcf7cf_steps\" value=\"{}\" \/>\n<input type=\"hidden\" name=\"_wpcf7cf_options\" value=\"{&quot;form_id&quot;:119,&quot;conditions&quot;:[],&quot;settings&quot;:{&quot;animation&quot;:&quot;yes&quot;,&quot;animation_intime&quot;:200,&quot;animation_outtime&quot;:200,&quot;conditions_ui&quot;:&quot;normal&quot;,&quot;notice_dismissed&quot;:false}}\" \/>\n<\/div>\n<div class=\"col-sm-12 contactForm\">\n\t<p><span class=\"wpcf7-form-control-wrap\" data-name=\"your-name\"><input size=\"40\" maxlength=\"400\" class=\"wpcf7-form-control wpcf7-text wpcf7-validates-as-required\" aria-required=\"true\" aria-invalid=\"false\" placeholder=\"Nome*\" value=\"\" type=\"text\" name=\"your-name\" \/><\/span>\n\t<\/p>\n<\/div>\n<div class=\"col-sm-12\">\n\t<p><span class=\"wpcf7-form-control-wrap\" data-name=\"your-email\"><input size=\"40\" maxlength=\"400\" class=\"wpcf7-form-control wpcf7-email wpcf7-validates-as-required wpcf7-text wpcf7-validates-as-email\" aria-required=\"true\" aria-invalid=\"false\" placeholder=\"Email*\" value=\"\" type=\"email\" name=\"your-email\" \/><\/span>\n\t<\/p>\n<\/div>\n<div class=\"col-sm-12\">\n\t<p><span class=\"wpcf7-form-control-wrap\" data-name=\"your-subject\"><input size=\"40\" maxlength=\"400\" class=\"wpcf7-form-control wpcf7-text\" aria-invalid=\"false\" placeholder=\"Assunto\" value=\"\" type=\"text\" name=\"your-subject\" \/><\/span>\n\t<\/p>\n<\/div>\n<div class=\"col-sm-12\">\n\t<p><span class=\"wpcf7-form-control-wrap\" data-name=\"your-message\"><textarea cols=\"40\" rows=\"10\" maxlength=\"2000\" class=\"wpcf7-form-control wpcf7-textarea\" aria-invalid=\"false\" placeholder=\"Mensagem\" name=\"your-message\"><\/textarea><\/span>\n\t<\/p>\n<\/div>\n<div class=\"col-sm-4\">\n\t<p><input class=\"wpcf7-form-control wpcf7-submit has-spinner\" type=\"submit\" value=\"Enviar\" \/>\n\t<\/p>\n<\/div>\n<!--<div class=\"col-sm-6\">[recaptcha class:formRecaptcha theme:dark]<\/div>--><div class=\"wpcf7-response-output\" aria-hidden=\"true\"><\/div>\n<\/form>\n<\/div>\n[\/vc_column_inner][\/vc_row_inner][\/vc_column][vc_column width=&#8221;1\/2&#8243; css=&#8221;.vc_custom_1499251117872{background-color: rgba(0,0,0,0.92) !important;*background-color: rgb(0,0,0) !important;}&#8221;][vc_empty_space height=&#8221;50px&#8221;][vc_custom_heading text=&#8221;Entregamos a sua encomenda<br \/>\nnum prazo de 48h*&#8221; font_container=&#8221;tag:h2|text_align:center|color:%23ffffff&#8221; use_theme_fonts=&#8221;yes&#8221; css=&#8221;.vc_custom_1499251099794{padding-right: 15px !important;padding-left: 15px !important;}&#8221;][vc_empty_space height=&#8221;100px&#8221;][vc_empty_space height=&#8221;50px&#8221;][vc_btn title=&#8221;Ver prazos&#8221; style=&#8221;custom&#8221; custom_background=&#8221;#003f80&#8243; custom_text=&#8221;#ffffff&#8221; align=&#8221;center&#8221; i_icon_fontawesome=&#8221;fa fa-clock-o&#8221; add_icon=&#8221;true&#8221; link=&#8221;url:http%3A%2F%2Fwww.abccargo.pt%2Findex.php%2Flogistica%2F|||&#8221;][vc_empty_space height=&#8221;50px&#8221;][vc_empty_space height=&#8221;125px&#8221;][vc_custom_heading text=&#8221;*valido em Portugal Continental&#8221; font_container=&#8221;tag:p|text_align:center|color:%23ffffff&#8221; use_theme_fonts=&#8221;yes&#8221;][\/vc_column][\/vc_row]<\/p>\n","protected":false},"excerpt":{"rendered":"<p>[vc_row][vc_column][rev_slider_vc alias=&#8221;home&#8221;][\/vc_column][\/vc_row][vc_row equal_height=&#8221;yes&#8221; content_placement=&#8221;middle&#8221; css=&#8221;.vc_custom_1499157695317{margin-top: 32px !important;margin-bottom: 32px !important;padding-top: 15px !important;padding-bottom: 15px !important;background-image: url(http:\/\/www.abccargo.pt\/wp-content\/uploads\/2017\/07\/01_index.jpg?id=11) !important;background-position: center !important;background-repeat: no-repeat !important;background-size: cover !important;}&#8221;][vc_column width=&#8221;1\/2&#8243;][vc_row_inner equal_height=&#8221;yes&#8221; content_placement=&#8221;middle&#8221; gap=&#8221;10&#8243; css=&#8221;.vc_custom_1513162720320{margin-left: 32px !important;}&#8221; el_id=&#8221;homeAbout&#8221;][vc_column_inner css=&#8221;.vc_custom_1499268906084{padding-left: 25px !important;}&#8221;][vc_custom_heading text=&#8221;Procura servi\u00e7os transit\u00e1rios?&#8221; font_container=&#8221;tag:h2|text_align:left|color:%23003f80&#8243; use_theme_fonts=&#8221;yes&#8221;][vc_column_text] Temos a solu\u00e7\u00e3o perfeita para si!\u00a0 A ABC CARGO \u00e9 uma empresa transit\u00e1ria que opera a n\u00edvel global nas \u00e1reas do transporte, log\u00edstica&#8230;<\/p>\n","protected":false},"author":1,"featured_media":0,"parent":0,"menu_order":0,"comment_status":"closed","ping_status":"closed","template":"page-full-width.php","meta":{"footnotes":""},"class_list":["post-15","page","type-page","status-publish","hentry"],"_links":{"self":[{"href":"https:\/\/www.abccargo.pt\/index.php\/wp-json\/wp\/v2\/pages\/15"}],"collection":[{"href":"https:\/\/www.abccargo.pt\/index.php\/wp-json\/wp\/v2\/pages"}],"about":[{"href":"https:\/\/www.abccargo.pt\/index.php\/wp-json\/wp\/v2\/types\/page"}],"author":[{"embeddable":true,"href":"https:\/\/www.abccargo.pt\/index.php\/wp-json\/wp\/v2\/users\/1"}],"replies":[{"embeddable":true,"href":"https:\/\/www.abccargo.pt\/index.php\/wp-json\/wp\/v2\/comments?post=15"}],"version-history":[{"count":323,"href":"https:\/\/www.abccargo.pt\/index.php\/wp-json\/wp\/v2\/pages\/15\/revisions"}],"predecessor-version":[{"id":1268,"href":"https:\/\/www.abccargo.pt\/index.php\/wp-json\/wp\/v2\/pages\/15\/revisions\/1268"}],"wp:attachment":[{"href":"https:\/\/www.abccargo.pt\/index.php\/wp-json\/wp\/v2\/media?parent=15"}],"curies":[{"name":"wp","href":"https:\/\/api.w.org\/{rel}","templated":true}]}}