{"id":1127,"date":"2017-12-13T18:14:39","date_gmt":"2017-12-13T18:14:39","guid":{"rendered":"http:\/\/www.abccargo.pt\/?page_id=1127"},"modified":"2017-12-19T09:56:50","modified_gmt":"2017-12-19T09:56:50","slug":"orcamentos","status":"publish","type":"page","link":"https:\/\/www.abccargo.pt\/index.php\/orcamentos\/","title":{"rendered":"Or\u00e7amentos"},"content":{"rendered":"<p>[vc_row equal_height=&#8221;yes&#8221; content_placement=&#8221;middle&#8221; wrap_type=&#8221;in_container&#8221;][vc_column][vc_custom_heading text=&#8221;Precisa de um or\u00e7amento? N\u00f3s enviamos! &#8221; font_container=&#8221;tag:h3|text_align:center|color:%231e180d&#8221; use_theme_fonts=&#8221;yes&#8221;][vc_column_text]<\/p>\n<p style=\"text-align: center;\">Preencha o formul\u00e1rio e receba gratuitamente or\u00e7amentos com os melhores pre\u00e7os.<\/p>\n<p>[\/vc_column_text][vc_column_text]*Campos obrigat\u00f3rios[\/vc_column_text]\n<div class=\"wpcf7 no-js\" id=\"wpcf7-f301-o1\" lang=\"pt-PT\" dir=\"ltr\">\n<div class=\"screen-reader-response\"><p role=\"status\" aria-live=\"polite\" aria-atomic=\"true\"><\/p> <ul><\/ul><\/div>\n<form action=\"\/index.php\/wp-json\/wp\/v2\/pages\/1127#wpcf7-f301-o1\" method=\"post\" class=\"wpcf7-form init\" aria-label=\"Contact form\" novalidate=\"novalidate\" data-status=\"init\">\n<div style=\"display: none;\">\n<input type=\"hidden\" name=\"_wpcf7\" value=\"301\" \/>\n<input type=\"hidden\" name=\"_wpcf7_version\" value=\"5.9.8\" \/>\n<input type=\"hidden\" name=\"_wpcf7_locale\" value=\"pt_PT\" \/>\n<input type=\"hidden\" name=\"_wpcf7_unit_tag\" value=\"wpcf7-f301-o1\" \/>\n<input type=\"hidden\" name=\"_wpcf7_container_post\" value=\"0\" \/>\n<input type=\"hidden\" name=\"_wpcf7_posted_data_hash\" value=\"\" \/>\n<input type=\"hidden\" name=\"_wpcf7cf_hidden_group_fields\" value=\"[]\" \/>\n<input type=\"hidden\" name=\"_wpcf7cf_hidden_groups\" value=\"[]\" \/>\n<input type=\"hidden\" name=\"_wpcf7cf_visible_groups\" value=\"[]\" \/>\n<input type=\"hidden\" name=\"_wpcf7cf_repeaters\" value=\"[]\" \/>\n<input type=\"hidden\" name=\"_wpcf7cf_steps\" value=\"{}\" \/>\n<input type=\"hidden\" name=\"_wpcf7cf_options\" value=\"{&quot;form_id&quot;:301,&quot;conditions&quot;:[{&quot;if_field&quot;:&quot;codigopostal&quot;,&quot;operator&quot;:&quot;equals&quot;,&quot;if_value&quot;:&quot;&quot;,&quot;then_field&quot;:&quot;-1&quot;},{&quot;if_field&quot;:&quot;-1&quot;,&quot;operator&quot;:&quot;equals&quot;,&quot;if_value&quot;:&quot;&quot;,&quot;then_field&quot;:&quot;-1&quot;},{&quot;if_field&quot;:&quot;Nome&quot;,&quot;operator&quot;:&quot;equals&quot;,&quot;if_value&quot;:&quot;name&quot;,&quot;then_field&quot;:&quot;-1&quot;},{&quot;if_field&quot;:&quot;your-email&quot;,&quot;operator&quot;:&quot;equals&quot;,&quot;if_value&quot;:&quot;email&quot;,&quot;then_field&quot;:&quot;-1&quot;}],&quot;settings&quot;:{&quot;animation&quot;:&quot;yes&quot;,&quot;animation_intime&quot;:200,&quot;animation_outtime&quot;:200,&quot;conditions_ui&quot;:&quot;normal&quot;,&quot;notice_dismissed&quot;:false}}\" \/>\n<\/div>\n<div class=\"col-sm-12\">\n\t<h3>Dados Gerais:\n\t<\/h3>\n\t<div class=\"col-sm-12\" >\n\t\t<p><span class=\"wpcf7-form-control-wrap\" data-name=\"Nome\"><input size=\"40\" maxlength=\"400\" class=\"wpcf7-form-control wpcf7-text wpcf7-validates-as-required formCampo\" aria-required=\"true\" aria-invalid=\"false\" placeholder=\"Nome*\" value=\"\" type=\"text\" name=\"Nome\" \/><\/span>\n\t\t<\/p>\n\t<\/div>\n\t<div class=\"col-sm-12\">\n\t\t<p><span class=\"wpcf7-form-control-wrap\" data-name=\"your-email\"><input size=\"40\" maxlength=\"400\" class=\"wpcf7-form-control wpcf7-email wpcf7-validates-as-required wpcf7-text wpcf7-validates-as-email formCampo\" aria-required=\"true\" aria-invalid=\"false\" placeholder=\"Email*\" value=\"\" type=\"email\" name=\"your-email\" \/><\/span>\n\t\t<\/p>\n\t<\/div>\n\t<div class=\"col-sm-12\">\n\t\t<p><span class=\"wpcf7-form-control-wrap\" data-name=\"transporte\"><select class=\"wpcf7-form-control wpcf7-select wpcf7-validates-as-required formCampo\" aria-required=\"true\" aria-invalid=\"false\" name=\"transporte\"><option value=\"\">Modo de transporte*<\/option><option value=\"Rodovi\u00e1rio\">Rodovi\u00e1rio<\/option><option value=\"Mar\u00edtimo\">Mar\u00edtimo<\/option><option value=\"A\u00e9reo\">A\u00e9reo<\/option><option value=\"Outro\">Outro<\/option><\/select><\/span>\n\t\t<\/p>\n\t<\/div>\n<\/div>\n<div class=\"col-sm-12\">\n\t<h3>Origem:\n\t<\/h3>\n\t<div class=\"col-sm-12\">\n\t\t<p><span class=\"wpcf7-form-control-wrap\" data-name=\"your-country\"><select class=\"wpcf7-form-control wpcf7-select wpcf7-validates-as-required formCampo\" aria-required=\"true\" aria-invalid=\"false\" name=\"your-country\"><option value=\"\">&#8212;Please choose an option&#8212;<\/option><\/select><\/span>\n\t\t<\/p>\n\t<\/div>\n\t<div class=\"col-sm-12\">\n\t\t<p><span class=\"wpcf7-form-control-wrap\" data-name=\"cidade\"><input size=\"40\" maxlength=\"400\" class=\"wpcf7-form-control wpcf7-text wpcf7-validates-as-required formCampo\" aria-required=\"true\" aria-invalid=\"false\" placeholder=\"Cidade*\" value=\"\" type=\"text\" name=\"cidade\" \/><\/span>\n\t\t<\/p>\n\t<\/div>\n\t<div class=\"col-sm-12\">\n\t\t<p><span class=\"wpcf7-form-control-wrap\" data-name=\"codigopostal\"><input size=\"40\" maxlength=\"400\" class=\"wpcf7-form-control wpcf7-text formCampo\" aria-invalid=\"false\" placeholder=\"C\u00f3digo postal\" value=\"\" type=\"text\" name=\"codigopostal\" \/><\/span>\n\t\t<\/p>\n\t<\/div>\n<\/div>\n<div class=\"col-sm-12\">\n\t<h3>Mercadoria:\n\t<\/h3>\n\t<div class=\"col-sm-12\">\n\t\t<p><span class=\"wpcf7-form-control-wrap\" data-name=\"mercadoria\"><input size=\"40\" maxlength=\"400\" class=\"wpcf7-form-control wpcf7-text formCampo\" aria-invalid=\"false\" placeholder=\"Tipo de mercadoria\" value=\"\" type=\"text\" name=\"mercadoria\" \/><\/span>\n\t\t<\/p>\n\t<\/div>\n\t<div class=\"col-sm-12\">\n\t\t<h5>Dimens\u00f5es:\n\t\t<\/h5>\n\t<\/div>\n\t<div class=\"col-sm-4\">\n\t\t<p><span class=\"wpcf7-form-control-wrap\" data-name=\"dimensoes\"><input size=\"40\" maxlength=\"400\" class=\"wpcf7-form-control wpcf7-text formCampo\" aria-invalid=\"false\" placeholder=\"Comprimento\" value=\"\" type=\"text\" name=\"dimensoes\" \/><\/span>\n\t\t<\/p>\n\t<\/div>\n\t<div class=\"col-sm-4\">\n\t\t<p><span class=\"wpcf7-form-control-wrap\" data-name=\"dimensoes\"><input size=\"40\" maxlength=\"400\" class=\"wpcf7-form-control wpcf7-text formCampo\" aria-invalid=\"false\" placeholder=\"Altura\" value=\"\" type=\"text\" name=\"dimensoes\" \/><\/span>\n\t\t<\/p>\n\t<\/div>\n\t<div class=\"col-sm-4\">\n\t\t<p><span class=\"wpcf7-form-control-wrap\" data-name=\"dimensoes\"><input size=\"40\" maxlength=\"400\" class=\"wpcf7-form-control wpcf7-text formCampo\" aria-invalid=\"false\" placeholder=\"Largura\" value=\"\" type=\"text\" name=\"dimensoes\" \/><\/span>\n\t\t<\/p>\n\t<\/div>\n\t<div class=\"col-sm-4\">\n\t\t<p><span class=\"wpcf7-form-control-wrap\" data-name=\"Carga\"><span class=\"wpcf7-form-control wpcf7-radio formCampoRadio\"><span class=\"wpcf7-list-item first last\"><input type=\"radio\" name=\"Carga\" value=\"Carga Completa\" checked=\"checked\" \/><span class=\"wpcf7-list-item-label\">Carga Completa<\/span><\/span><\/span><\/span>\n\t\t<\/p>\n\t<\/div>\n\t<div class=\"col-sm-4\">\n\t\t<p><span class=\"wpcf7-form-control-wrap\" data-name=\"Carga\"><span class=\"wpcf7-form-control wpcf7-radio formCampoRadio\"><span class=\"wpcf7-list-item first last\"><input type=\"radio\" name=\"Carga\" value=\"Grupagem\" \/><span class=\"wpcf7-list-item-label\">Grupagem<\/span><\/span><\/span><\/span>\n\t\t<\/p>\n\t<\/div>\n\t<div class=\"col-sm-4\">\n\t\t<p><span class=\"wpcf7-form-control-wrap\" data-name=\"peso\"><input size=\"40\" maxlength=\"400\" class=\"wpcf7-form-control wpcf7-text formCampo\" aria-invalid=\"false\" placeholder=\"Peso\" value=\"\" type=\"text\" name=\"peso\" \/><\/span>\n\t\t<\/p>\n\t<\/div>\n\t<div class=\"col-sm-12\">\n\t\t<h5> Sobrepon\u00edvel:\n\t\t<\/h5>\n\t<\/div>\n\t<div class=\"col-sm-4\">\n\t\t<p><span class=\"wpcf7-form-control-wrap\" data-name=\"sobreponivel\"><span class=\"wpcf7-form-control wpcf7-radio formCampoRadio\"><span class=\"wpcf7-list-item first last\"><input type=\"radio\" name=\"sobreponivel\" value=\"Sim\" checked=\"checked\" \/><span class=\"wpcf7-list-item-label\">Sim<\/span><\/span><\/span><\/span>\n\t\t<\/p>\n\t<\/div>\n\t<div class=\"col-sm-4\">\n\t\t<p><span class=\"wpcf7-form-control-wrap\" data-name=\"sobreponivel\"><span class=\"wpcf7-form-control wpcf7-radio formCampoRadio\"><span class=\"wpcf7-list-item first last\"><input type=\"radio\" name=\"sobreponivel\" value=\"N\u00e3o\" \/><span class=\"wpcf7-list-item-label\">N\u00e3o<\/span><\/span><\/span><\/span>\n\t\t<\/p>\n\t<\/div>\n<\/div>\n<div class=\"col-sm-12\">\n\t<h3>Destino:\n\t<\/h3>\n\t<div class=\"col-sm-12\">\n\t\t<p><span class=\"wpcf7-form-control-wrap\" data-name=\"destinoPais\"><select class=\"wpcf7-form-control wpcf7-select wpcf7-validates-as-required formCampo\" aria-required=\"true\" aria-invalid=\"false\" name=\"destinoPais\"><option value=\"\">&#8212;Please choose an option&#8212;<\/option><\/select><\/span>\n\t\t<\/p>\n\t<\/div>\n\t<div class=\"col-sm-12\">\n\t\t<p><span class=\"wpcf7-form-control-wrap\" data-name=\"destinoCidade\"><input size=\"40\" maxlength=\"400\" class=\"wpcf7-form-control wpcf7-text wpcf7-validates-as-required formCampo\" aria-required=\"true\" aria-invalid=\"false\" placeholder=\"Cidade*\" value=\"\" type=\"text\" name=\"destinoCidade\" \/><\/span>\n\t\t<\/p>\n\t<\/div>\n\t<div class=\"col-sm-12\">\n\t\t<p><span class=\"wpcf7-form-control-wrap\" data-name=\"destinoCP\"><input size=\"40\" maxlength=\"400\" class=\"wpcf7-form-control wpcf7-text formCampo\" aria-invalid=\"false\" placeholder=\"C\u00f3digo postal\" value=\"\" type=\"text\" name=\"destinoCP\" \/><\/span>\n\t\t<\/p>\n\t<\/div>\n<\/div>\n<div class=\"col-sm-12\">\n\t<div class=\"col-sm-12\">\n\t\t<p><span class=\"wpcf7-form-control-wrap\" data-name=\"your-message\"><textarea cols=\"40\" rows=\"10\" maxlength=\"2000\" class=\"wpcf7-form-control wpcf7-textarea formCampo\" aria-invalid=\"false\" placeholder=\"Informa\u00e7\u00f5es adicionais\" name=\"your-message\"><\/textarea><\/span>\n\t\t<\/p>\n\t<\/div>\n<\/div>\n<div class=\"col-sm-12\">\n\t<div class=\"col-sm-12\">\n\t\t<p><input class=\"wpcf7-form-control wpcf7-submit has-spinner\" type=\"submit\" value=\"Enviar\" \/>\n\t\t<\/p>\n\t<\/div>\n<\/div><div class=\"wpcf7-response-output\" aria-hidden=\"true\"><\/div>\n<\/form>\n<\/div>\n[\/vc_column][\/vc_row][vc_row gap=&#8221;20&#8243; equal_height=&#8221;yes&#8221; parallax=&#8221;content-moving&#8221; parallax_image=&#8221;112&#8243; el_class=&#8221;formulario&#8221; css=&#8221;.vc_custom_1506096426360{margin-top: 32px !important;padding-top: 40px !important;padding-bottom: 40px !important;}&#8221;][vc_column width=&#8221;1\/3&#8243;][vc_gmaps link=&#8221;#E-8_JTNDaWZyYW1lJTIwc3JjJTNEJTIyaHR0cHMlM0ElMkYlMkZ3d3cuZ29vZ2xlLmNvbSUyRm1hcHMlMkZlbWJlZCUzRnBiJTNEJTIxMW0xOCUyMTFtMTIlMjExbTMlMjExZDMwNjMuNDYzNDcxMDY3NTU5NiUyMTJkLTguNzEyMzA3NDg0OTczNTAyJTIxM2QzOS44NDE0NDU0Nzk0MzYxNSUyMTJtMyUyMTFmMCUyMTJmMCUyMTNmMCUyMTNtMiUyMTFpMTAyNCUyMTJpNzY4JTIxNGYxMy4xJTIxM20zJTIxMW0yJTIxMXMweGQyMjZlNDk3YTQ5N2E2NSUyNTNBMHgxZThhZjQxOWEzMGU4ZTY0JTIxMnNBQkMlMkJDQVJHTyUyQlRyYW5zaXQlMjVDMyUyNUExcmlvcyUyMTVlMCUyMTNtMiUyMTFzcHQtUFQlMjEyc3B0JTIxNHYxNDk5Nzg1NDQ5MjE0JTIyJTIwd2lkdGglM0QlMjI2MDAlMjIlMjBoZWlnaHQlM0QlMjI0NTAlMjIlMjBmcmFtZWJvcmRlciUzRCUyMjAlMjIlMjBzdHlsZSUzRCUyMmJvcmRlciUzQTAlMjIlMjBhbGxvd2Z1bGxzY3JlZW4lM0UlM0MlMkZpZnJhbWUlM0U=&#8221;][\/vc_column][vc_column width=&#8221;1\/3&#8243; css=&#8221;.vc_custom_1499791763963{background-color: rgba(0,0,0,0.76) !important;*background-color: rgb(0,0,0) !important;}&#8221;][vc_custom_heading text=&#8221;Escrit\u00f3rio&#8221; font_container=&#8221;tag:h3|text_align:center|color:%23ffffff&#8221; use_theme_fonts=&#8221;yes&#8221; css=&#8221;.vc_custom_1499792117750{padding-bottom: 10px !important;}&#8221;][vc_separator color=&#8221;custom&#8221; accent_color=&#8221;#003f80&#8243;][vc_icon icon_fontawesome=&#8221;fa fa-map-marker&#8221; color=&#8221;custom&#8221; size=&#8221;sm&#8221; custom_color=&#8221;#003f80&#8243; el_class=&#8221;pull-left&#8221; css=&#8221;.vc_custom_1499791203624{margin-top: -20px !important;padding-bottom: 20px !important;}&#8221;][vc_column_text]<span style=\"color: #cfcfcf;\">ABC CARGO Transit\u00e1rios, Unipessoal Lda<\/span><\/p>\n<p><span style=\"color: #cfcfcf;\">Rua do Cov\u00e3o, n\u00ba8<\/span><\/p>\n<p><span style=\"color: #cfcfcf;\">3105-236 Meirinhas (Pombal)<\/span>[\/vc_column_text][vc_icon icon_fontawesome=&#8221;fa fa-clock-o&#8221; color=&#8221;custom&#8221; size=&#8221;sm&#8221; custom_color=&#8221;#003f80&#8243; el_class=&#8221;pull-left&#8221; css=&#8221;.vc_custom_1499788585700{margin-top: -20px !important;}&#8221;][vc_column_text]<span style=\"color: #cfcfcf;\">Segunda a Sexta: 9:00 &#8211; 18:00<\/span>[\/vc_column_text][vc_icon icon_fontawesome=&#8221;fa fa-phone&#8221; color=&#8221;custom&#8221; size=&#8221;sm&#8221; custom_color=&#8221;#003f80&#8243; el_class=&#8221;pull-left&#8221; css=&#8221;.vc_custom_1499791051670{margin-top: -20px !important;}&#8221;][vc_column_text el_class=&#8221;morada&#8221;]<a href=\"tel: 236-942-591\">(+351) 236 942 591<\/a>[\/vc_column_text][vc_icon icon_fontawesome=&#8221;fa fa-fax&#8221; color=&#8221;custom&#8221; size=&#8221;sm&#8221; custom_color=&#8221;#003f80&#8243; el_class=&#8221;pull-left&#8221; css=&#8221;.vc_custom_1499787028566{margin-top: -20px !important;}&#8221;][vc_column_text]<span style=\"color: #cfcfcf;\">(+351) 236 140 905<\/span>[\/vc_column_text][vc_icon icon_fontawesome=&#8221;fa fa-envelope-o&#8221; color=&#8221;custom&#8221; size=&#8221;sm&#8221; custom_color=&#8221;#003f80&#8243; el_class=&#8221;pull-left&#8221; css=&#8221;.vc_custom_1499787077909{margin-top: -20px !important;}&#8221;][vc_column_text el_class=&#8221;morada&#8221;]<a href=\"mailto: info@abccargo.pt\">info@abccargo.pt<\/a>[\/vc_column_text][\/vc_column][vc_column width=&#8221;1\/3&#8243; css=&#8221;.vc_custom_1499873873542{background-color: rgba(0,0,0,0.75) !important;*background-color: rgb(0,0,0) !important;}&#8221;][vc_custom_heading text=&#8221;Armaz\u00e9ns&#8221; font_container=&#8221;tag:h3|text_align:center|color:%23ffffff&#8221; use_theme_fonts=&#8221;yes&#8221; css=&#8221;.vc_custom_1499792499092{padding-bottom: 10px !important;}&#8221;][vc_separator color=&#8221;custom&#8221; accent_color=&#8221;#003f80&#8243;][vc_icon icon_fontawesome=&#8221;fa fa-map-marker&#8221; color=&#8221;custom&#8221; size=&#8221;sm&#8221; custom_color=&#8221;#003f80&#8243; el_class=&#8221;pull-left&#8221; css=&#8221;.vc_custom_1499788034383{margin-top: -20px !important;}&#8221;][vc_column_text]<span style=\"color: #cfcfcf;\"><strong>Zona Norte:\u00a0<\/strong>Maia &#8211; Portugal<\/span>[\/vc_column_text][vc_icon icon_fontawesome=&#8221;fa fa-map-marker&#8221; color=&#8221;custom&#8221; size=&#8221;sm&#8221; custom_color=&#8221;#003f80&#8243; el_class=&#8221;pull-left&#8221; css=&#8221;.vc_custom_1499791214159{margin-top: -20px !important;padding-bottom: 20px !important;}&#8221;][vc_column_text]<span style=\"color: #cfcfcf;\"><strong>Zona Centro:<\/strong>\u00a0\u00a0Travessa das Covinhas<\/span><\/p>\n<p><span style=\"color: #cfcfcf;\">Armaz\u00e9m D &#8211; 3105-369 Meirinhas<\/span><\/p>\n<p><span style=\"color: #cfcfcf;\">Km 140,1 IC2 (Sentido Norte\/Sul)<\/span>[\/vc_column_text][vc_icon icon_fontawesome=&#8221;fa fa-map-marker&#8221; color=&#8221;custom&#8221; size=&#8221;sm&#8221; custom_color=&#8221;#003f80&#8243; el_class=&#8221;pull-left&#8221; css=&#8221;.vc_custom_1499788034383{margin-top: -20px !important;}&#8221;][vc_column_text]<\/p>\n<div class=\"predefined_text\"><span style=\"color: #cfcfcf;\"><strong>Zona Sul:\u00a0<\/strong>Sacav\u00e9m &#8211; Portugal<\/span><\/div>\n<p>[\/vc_column_text][\/vc_column][\/vc_row]<\/p>\n","protected":false},"excerpt":{"rendered":"<p>[vc_row equal_height=&#8221;yes&#8221; content_placement=&#8221;middle&#8221; wrap_type=&#8221;in_container&#8221;][vc_column][vc_custom_heading text=&#8221;Precisa de um or\u00e7amento? N\u00f3s enviamos! &#8221; font_container=&#8221;tag:h3|text_align:center|color:%231e180d&#8221; use_theme_fonts=&#8221;yes&#8221;][vc_column_text] Preencha o formul\u00e1rio e receba gratuitamente or\u00e7amentos com os melhores pre\u00e7os. [\/vc_column_text][vc_column_text]*Campos obrigat\u00f3rios[\/vc_column_text][\/vc_column][\/vc_row][vc_row gap=&#8221;20&#8243; equal_height=&#8221;yes&#8221; parallax=&#8221;content-moving&#8221; parallax_image=&#8221;112&#8243; el_class=&#8221;formulario&#8221; css=&#8221;.vc_custom_1506096426360{margin-top: 32px !important;padding-top: 40px !important;padding-bottom: 40px !important;}&#8221;][vc_column width=&#8221;1\/3&#8243;][vc_gmaps link=&#8221;#E-8_JTNDaWZyYW1lJTIwc3JjJTNEJTIyaHR0cHMlM0ElMkYlMkZ3d3cuZ29vZ2xlLmNvbSUyRm1hcHMlMkZlbWJlZCUzRnBiJTNEJTIxMW0xOCUyMTFtMTIlMjExbTMlMjExZDMwNjMuNDYzNDcxMDY3NTU5NiUyMTJkLTguNzEyMzA3NDg0OTczNTAyJTIxM2QzOS44NDE0NDU0Nzk0MzYxNSUyMTJtMyUyMTFmMCUyMTJmMCUyMTNmMCUyMTNtMiUyMTFpMTAyNCUyMTJpNzY4JTIxNGYxMy4xJTIxM20zJTIxMW0yJTIxMXMweGQyMjZlNDk3YTQ5N2E2NSUyNTNBMHgxZThhZjQxOWEzMGU4ZTY0JTIxMnNBQkMlMkJDQVJHTyUyQlRyYW5zaXQlMjVDMyUyNUExcmlvcyUyMTVlMCUyMTNtMiUyMTFzcHQtUFQlMjEyc3B0JTIxNHYxNDk5Nzg1NDQ5MjE0JTIyJTIwd2lkdGglM0QlMjI2MDAlMjIlMjBoZWlnaHQlM0QlMjI0NTAlMjIlMjBmcmFtZWJvcmRlciUzRCUyMjAlMjIlMjBzdHlsZSUzRCUyMmJvcmRlciUzQTAlMjIlMjBhbGxvd2Z1bGxzY3JlZW4lM0UlM0MlMkZpZnJhbWUlM0U=&#8221;][\/vc_column][vc_column width=&#8221;1\/3&#8243; css=&#8221;.vc_custom_1499791763963{background-color: rgba(0,0,0,0.76) !important;*background-color: rgb(0,0,0) !important;}&#8221;][vc_custom_heading text=&#8221;Escrit\u00f3rio&#8221; font_container=&#8221;tag:h3|text_align:center|color:%23ffffff&#8221; use_theme_fonts=&#8221;yes&#8221; css=&#8221;.vc_custom_1499792117750{padding-bottom: 10px !important;}&#8221;][vc_separator color=&#8221;custom&#8221; accent_color=&#8221;#003f80&#8243;][vc_icon icon_fontawesome=&#8221;fa fa-map-marker&#8221; color=&#8221;custom&#8221; size=&#8221;sm&#8221; custom_color=&#8221;#003f80&#8243; el_class=&#8221;pull-left&#8221;&#8230;<\/p>\n","protected":false},"author":1,"featured_media":0,"parent":0,"menu_order":0,"comment_status":"closed","ping_status":"closed","template":"page-full-width.php","meta":{"footnotes":""},"class_list":["post-1127","page","type-page","status-publish","hentry"],"_links":{"self":[{"href":"https:\/\/www.abccargo.pt\/index.php\/wp-json\/wp\/v2\/pages\/1127"}],"collection":[{"href":"https:\/\/www.abccargo.pt\/index.php\/wp-json\/wp\/v2\/pages"}],"about":[{"href":"https:\/\/www.abccargo.pt\/index.php\/wp-json\/wp\/v2\/types\/page"}],"author":[{"embeddable":true,"href":"https:\/\/www.abccargo.pt\/index.php\/wp-json\/wp\/v2\/users\/1"}],"replies":[{"embeddable":true,"href":"https:\/\/www.abccargo.pt\/index.php\/wp-json\/wp\/v2\/comments?post=1127"}],"version-history":[{"count":9,"href":"https:\/\/www.abccargo.pt\/index.php\/wp-json\/wp\/v2\/pages\/1127\/revisions"}],"predecessor-version":[{"id":1253,"href":"https:\/\/www.abccargo.pt\/index.php\/wp-json\/wp\/v2\/pages\/1127\/revisions\/1253"}],"wp:attachment":[{"href":"https:\/\/www.abccargo.pt\/index.php\/wp-json\/wp\/v2\/media?parent=1127"}],"curies":[{"name":"wp","href":"https:\/\/api.w.org\/{rel}","templated":true}]}}